{"id":13,"date":"2018-07-24T20:31:57","date_gmt":"2018-07-24T20:31:57","guid":{"rendered":"http:\/\/ff-wendling.at\/?page_id=13"},"modified":"2020-10-04T19:20:58","modified_gmt":"2020-10-04T17:20:58","slug":"fahrzeug","status":"publish","type":"page","link":"https:\/\/ff-wendling.at\/index.php\/fahrzeug\/","title":{"rendered":"Fahrzeuge"},"content":{"rendered":"<p>TLF-A 2000 &#8211; Tankl\u00f6schfahrzeug mit Allradantrieb und 2000 Liter L\u00f6schwasser<\/p>\n<p>Marke: Iveco<br \/>\nAufbau: Magirus<br \/>\nLeistung: 280PS<br \/>\nSitzpl\u00e4tze: 9<br \/>\nAusr\u00fcstung: 3 Atemschutzger\u00e4te, W\u00e4rmebildkamera<\/p>\n<p><img loading=\"lazy\" decoding=\"async\" class=\"alignnone wp-image-164 size-full\" src=\"https:\/\/ff-wendling.at\/wp-content\/uploads\/2018\/07\/TLFa.jpg\" alt=\"\" width=\"3648\" height=\"2736\" srcset=\"https:\/\/ff-wendling.at\/wp-content\/uploads\/2018\/07\/TLFa.jpg 3648w, https:\/\/ff-wendling.at\/wp-content\/uploads\/2018\/07\/TLFa-300x225.jpg 300w, https:\/\/ff-wendling.at\/wp-content\/uploads\/2018\/07\/TLFa-768x576.jpg 768w, https:\/\/ff-wendling.at\/wp-content\/uploads\/2018\/07\/TLFa-1024x768.jpg 1024w\" sizes=\"auto, (max-width: 3648px) 100vw, 3648px\" \/><\/p>\n<p><img loading=\"lazy\" decoding=\"async\" class=\"alignnone size-full wp-image-940\" src=\"https:\/\/ff-wendling.at\/wp-content\/uploads\/IMG-20201004-WA0027.jpg\" alt=\"\" width=\"1334\" height=\"750\" srcset=\"https:\/\/ff-wendling.at\/wp-content\/uploads\/IMG-20201004-WA0027.jpg 1334w, https:\/\/ff-wendling.at\/wp-content\/uploads\/IMG-20201004-WA0027-300x169.jpg 300w, https:\/\/ff-wendling.at\/wp-content\/uploads\/IMG-20201004-WA0027-1024x576.jpg 1024w, https:\/\/ff-wendling.at\/wp-content\/uploads\/IMG-20201004-WA0027-768x432.jpg 768w\" sizes=\"auto, (max-width: 1334px) 100vw, 1334px\" \/><\/p>\n<p>________________________________________________________________________________________________________________________<\/p>\n<p>MTF &#8211; Mannschaftstransportfahrzeug<\/p>\n<p>&nbsp;<\/p>\n<p>Marke: Fiat Ducato L2H2<br \/>\nAufbau: Lagermax<br \/>\nLeistung: 150PS<br \/>\nSitzpl\u00e4tze: 9<\/p>\n<p>Verwendung:<br \/>\nDas MTF wird zum Nachbringen von Mannschaft und Ger\u00e4tschaft zur Einsatzstelle verwendet. Weiters f\u00fcr die Einsatzleitung und Atemschutzeinsatzleitung.<\/p>\n<p><img loading=\"lazy\" decoding=\"async\" class=\"alignnone wp-image-163 size-full\" src=\"https:\/\/ff-wendling.at\/wp-content\/uploads\/2018\/07\/mtf.jpg\" alt=\"\" width=\"3104\" height=\"1746\" srcset=\"https:\/\/ff-wendling.at\/wp-content\/uploads\/2018\/07\/mtf.jpg 3104w, https:\/\/ff-wendling.at\/wp-content\/uploads\/2018\/07\/mtf-300x169.jpg 300w, https:\/\/ff-wendling.at\/wp-content\/uploads\/2018\/07\/mtf-768x432.jpg 768w, https:\/\/ff-wendling.at\/wp-content\/uploads\/2018\/07\/mtf-1024x576.jpg 1024w\" sizes=\"auto, (max-width: 3104px) 100vw, 3104px\" \/><\/p>\n","protected":false},"excerpt":{"rendered":"<p>TLF-A 2000 &#8211; Tankl\u00f6schfahrzeug mit Allradantrieb und 2000 Liter L\u00f6schwasser Marke: Iveco Aufbau: Magirus Leistung: 280PS Sitzpl\u00e4tze: 9 Ausr\u00fcstung: 3 Atemschutzger\u00e4te, W\u00e4rmebildkamera ________________________________________________________________________________________________________________________ MTF &#8211; Mannschaftstransportfahrzeug &nbsp; Marke: Fiat Ducato L2H2 Aufbau: Lagermax Leistung: 150PS Sitzpl\u00e4tze: 9 Verwendung: Das MTF wird zum Nachbringen von Mannschaft und Ger\u00e4tschaft zur Einsatzstelle verwendet. Weiters f\u00fcr die Einsatzleitung und &hellip; <\/p>\n<p class=\"link-more\"><a href=\"https:\/\/ff-wendling.at\/index.php\/fahrzeug\/\" class=\"more-link\">Mehr <span class=\"screen-reader-text\">\u00fcber &#8222;Fahrzeuge&#8220; <\/span>Lesen<\/a><\/p>\n","protected":false},"author":1,"featured_media":0,"parent":0,"menu_order":0,"comment_status":"closed","ping_status":"closed","template":"","meta":{"inspiro_hide_title":false,"footnotes":""},"class_list":["post-13","page","type-page","status-publish","hentry"],"_links":{"self":[{"href":"https:\/\/ff-wendling.at\/index.php\/wp-json\/wp\/v2\/pages\/13","targetHints":{"allow":["GET"]}}],"collection":[{"href":"https:\/\/ff-wendling.at\/index.php\/wp-json\/wp\/v2\/pages"}],"about":[{"href":"https:\/\/ff-wendling.at\/index.php\/wp-json\/wp\/v2\/types\/page"}],"author":[{"embeddable":true,"href":"https:\/\/ff-wendling.at\/index.php\/wp-json\/wp\/v2\/users\/1"}],"replies":[{"embeddable":true,"href":"https:\/\/ff-wendling.at\/index.php\/wp-json\/wp\/v2\/comments?post=13"}],"version-history":[{"count":1,"href":"https:\/\/ff-wendling.at\/index.php\/wp-json\/wp\/v2\/pages\/13\/revisions"}],"predecessor-version":[{"id":941,"href":"https:\/\/ff-wendling.at\/index.php\/wp-json\/wp\/v2\/pages\/13\/revisions\/941"}],"wp:attachment":[{"href":"https:\/\/ff-wendling.at\/index.php\/wp-json\/wp\/v2\/media?parent=13"}],"curies":[{"name":"wp","href":"https:\/\/api.w.org\/{rel}","templated":true}]}}