{"id":137,"date":"2018-07-29T15:50:49","date_gmt":"2018-07-29T13:50:49","guid":{"rendered":"http:\/\/ff-wendling.at\/?page_id=137"},"modified":"2026-04-07T20:57:02","modified_gmt":"2026-04-07T18:57:02","slug":"einsaetze","status":"publish","type":"page","link":"https:\/\/ff-wendling.at\/index.php\/einsaetze\/","title":{"rendered":"Eins\u00e4tze"},"content":{"rendered":"\r\n<p><a href=\"https:\/\/ff-wendling.at\/index.php\/einsaetze\/einsaetze-2026\/\">Eins\u00e4tze 2026<\/a><\/p>\r\n<p><a href=\"https:\/\/ff-wendling.at\/index.php\/einsaetze\/einsaetze-2025\/\">Eins\u00e4tze 2025<\/a><\/p>\r\n<p><a href=\"https:\/\/ff-wendling.at\/index.php\/einsaetze\/2024-2\/\">Eins\u00e4tze 2024<\/a><\/p>\r\n\r\n\r\n\r\n<p><a href=\"https:\/\/ff-wendling.at\/index.php\/einsaetze\/einsaetze-2023\/\">Eins\u00e4tze 2023<\/a><\/p>\r\n","protected":false},"excerpt":{"rendered":"<p>Eins\u00e4tze 2026 Eins\u00e4tze 2025 Eins\u00e4tze 2024 Eins\u00e4tze 2023<\/p>\n","protected":false},"author":1,"featured_media":0,"parent":0,"menu_order":0,"comment_status":"closed","ping_status":"closed","template":"","meta":{"inspiro_hide_title":false,"footnotes":""},"class_list":["post-137","page","type-page","status-publish","hentry"],"_links":{"self":[{"href":"https:\/\/ff-wendling.at\/index.php\/wp-json\/wp\/v2\/pages\/137","targetHints":{"allow":["GET"]}}],"collection":[{"href":"https:\/\/ff-wendling.at\/index.php\/wp-json\/wp\/v2\/pages"}],"about":[{"href":"https:\/\/ff-wendling.at\/index.php\/wp-json\/wp\/v2\/types\/page"}],"author":[{"embeddable":true,"href":"https:\/\/ff-wendling.at\/index.php\/wp-json\/wp\/v2\/users\/1"}],"replies":[{"embeddable":true,"href":"https:\/\/ff-wendling.at\/index.php\/wp-json\/wp\/v2\/comments?post=137"}],"version-history":[{"count":16,"href":"https:\/\/ff-wendling.at\/index.php\/wp-json\/wp\/v2\/pages\/137\/revisions"}],"predecessor-version":[{"id":2406,"href":"https:\/\/ff-wendling.at\/index.php\/wp-json\/wp\/v2\/pages\/137\/revisions\/2406"}],"wp:attachment":[{"href":"https:\/\/ff-wendling.at\/index.php\/wp-json\/wp\/v2\/media?parent=137"}],"curies":[{"name":"wp","href":"https:\/\/api.w.org\/{rel}","templated":true}]}}