{"id":178,"date":"2018-07-29T16:11:33","date_gmt":"2018-07-29T14:11:33","guid":{"rendered":"http:\/\/ff-wendling.at\/?page_id=178"},"modified":"2018-12-18T22:37:07","modified_gmt":"2018-12-18T21:37:07","slug":"ueber-uns","status":"publish","type":"page","link":"https:\/\/ff-wendling.at\/index.php\/ueber-uns\/","title":{"rendered":"\u00dcber uns"},"content":{"rendered":"<p>Die Gemeindevertretung fasste am 4. Juli 1893 den Beschlu\u00df, eine Feuerwehr zu gr\u00fcnden. In der ersten Generalversammlung am 5. Februar 1894 wurden Matthias Mayrhuber (Wendling) zum Hauptmann und Alois Schamberger (Zupfing) zu seinem Stellvertreter gew\u00e4hlt.<\/p>\n<p>Hierauf wurden die 68 Mitglieder in je vier Rotten der Gruppen Wendling und Zupfing in Steiger, Werkleute, Spritzenleute und Schutzleute aufgeteilt. Jede Rotte w\u00e4hlte ihren eigenen F\u00fchrer. Bereits am 25. Mai 1904 wurden die beiden L\u00f6schgruppen Wendling und Zupfing wegen diversen Meinungsverschiedenheiten in zwei selbstst\u00e4ndige Feuerwehren getrennt. 1906 konnte sich die Wehr aus eigenen Mitteln eine neue Handspritze anschaffen. Die Feuerwehren Wendling und Zupfing wurden am 17. Juli 1938 wieder vereint, diese Vereinigung hielt aber nur bis Kriegsende. Nach Ende des Zweiten Weltkrieges wurde am 6. Januar 1949 der L\u00f6schzug Weeg gegr\u00fcndet. 1943 wurde die erste Motorspritze RW 80 angeschafft und 1981 repariert und funktionsf\u00e4hig gemacht.<\/p>\n<p>1961 Ankauf einer Motorspritze VW TS 75.<\/p>\n<p>1952 wurde vom Verlag Gutenberg der R\u00fcstwagen Chevrolet, Bj 1941 erstanden. (Siehe Bild)<\/p>\n<p>1972 wurde im Arsenal Wien vom \u00f6sterreichischen Bundesheer Langenlebarn ein TLF Marke GMC, Bj. 1940, ersteigert.<\/p>\n<p>1982 konnte ein TLF 2000 Trupp erstandne werden.<\/p>\n<p>Ein Notstromaggregat, Marke Hitzinger, 30 kVA mit Zapfwellenantrieb, wurde 1983 gekauft. F\u00fcr das Notstromaggregat und die VW TS 75 wurde in Eigenregie je ein dazugeh\u00f6riger Anh\u00e4nger gebaut.<\/p>\n<p>Sierene seit 1952, Atemschutz seit 1972, Funk 2 HFG 2m und ein 2-m-Band im TLF.<\/p>\n<p>Zeugh\u00e4user ab 1920 Holzh\u00fctte, ab 1956 Neubau in massiver Bauweise mit Schlauchturm, renoviert 1983. Ab 1972 Bezug der Zeugst\u00e4tte im neu erbauten Gemeindehaus.<\/p>\n<p>Bild und Text: &#8222;Das gro\u00dfe Ober\u00f6sterreichische Feuerwehrbuch&#8220; von Christoph Wagner<\/p>\n<p><img loading=\"lazy\" decoding=\"async\" class=\"alignnone size-full wp-image-228\" src=\"https:\/\/ff-wendling.at\/wp-content\/uploads\/2018\/12\/Mannschaft.jpg\" alt=\"\" width=\"990\" height=\"558\" srcset=\"https:\/\/ff-wendling.at\/wp-content\/uploads\/2018\/12\/Mannschaft.jpg 990w, https:\/\/ff-wendling.at\/wp-content\/uploads\/2018\/12\/Mannschaft-300x169.jpg 300w, https:\/\/ff-wendling.at\/wp-content\/uploads\/2018\/12\/Mannschaft-768x433.jpg 768w\" sizes=\"auto, (max-width: 990px) 100vw, 990px\" \/><\/p>\n<p>Vor dem der Zeugst\u00e4tte im neu erbauten Gemeindehaus 1972<\/p>\n<p><img loading=\"lazy\" decoding=\"async\" class=\"alignnone size-full wp-image-227\" src=\"https:\/\/ff-wendling.at\/wp-content\/uploads\/2018\/12\/Chevo.jpg\" alt=\"\" width=\"940\" height=\"699\" srcset=\"https:\/\/ff-wendling.at\/wp-content\/uploads\/2018\/12\/Chevo.jpg 940w, https:\/\/ff-wendling.at\/wp-content\/uploads\/2018\/12\/Chevo-300x223.jpg 300w, https:\/\/ff-wendling.at\/wp-content\/uploads\/2018\/12\/Chevo-768x571.jpg 768w\" sizes=\"auto, (max-width: 940px) 100vw, 940px\" \/><\/p>\n","protected":false},"excerpt":{"rendered":"<p>Die Gemeindevertretung fasste am 4. Juli 1893 den Beschlu\u00df, eine Feuerwehr zu gr\u00fcnden. In der ersten Generalversammlung am 5. Februar 1894 wurden Matthias Mayrhuber (Wendling) zum Hauptmann und Alois Schamberger (Zupfing) zu seinem Stellvertreter gew\u00e4hlt. Hierauf wurden die 68 Mitglieder in je vier Rotten der Gruppen Wendling und Zupfing in Steiger, Werkleute, Spritzenleute und Schutzleute &hellip; <\/p>\n<p class=\"link-more\"><a href=\"https:\/\/ff-wendling.at\/index.php\/ueber-uns\/\" class=\"more-link\">Mehr <span class=\"screen-reader-text\">\u00fcber &#8222;\u00dcber uns&#8220; <\/span>Lesen<\/a><\/p>\n","protected":false},"author":1,"featured_media":0,"parent":0,"menu_order":0,"comment_status":"closed","ping_status":"closed","template":"","meta":{"inspiro_hide_title":false,"footnotes":""},"class_list":["post-178","page","type-page","status-publish","hentry"],"_links":{"self":[{"href":"https:\/\/ff-wendling.at\/index.php\/wp-json\/wp\/v2\/pages\/178","targetHints":{"allow":["GET"]}}],"collection":[{"href":"https:\/\/ff-wendling.at\/index.php\/wp-json\/wp\/v2\/pages"}],"about":[{"href":"https:\/\/ff-wendling.at\/index.php\/wp-json\/wp\/v2\/types\/page"}],"author":[{"embeddable":true,"href":"https:\/\/ff-wendling.at\/index.php\/wp-json\/wp\/v2\/users\/1"}],"replies":[{"embeddable":true,"href":"https:\/\/ff-wendling.at\/index.php\/wp-json\/wp\/v2\/comments?post=178"}],"version-history":[{"count":0,"href":"https:\/\/ff-wendling.at\/index.php\/wp-json\/wp\/v2\/pages\/178\/revisions"}],"wp:attachment":[{"href":"https:\/\/ff-wendling.at\/index.php\/wp-json\/wp\/v2\/media?parent=178"}],"curies":[{"name":"wp","href":"https:\/\/api.w.org\/{rel}","templated":true}]}}